{"id":49,"date":"2021-11-04T20:31:48","date_gmt":"2021-11-04T19:31:48","guid":{"rendered":"http:\/\/portfolio.lalquimista.com\/?page_id=49"},"modified":"2021-11-10T20:31:43","modified_gmt":"2021-11-10T19:31:43","slug":"c-v-profesional","status":"publish","type":"page","link":"http:\/\/portfolio.lalquimista.com\/?page_id=49","title":{"rendered":"Sobre Mi"},"content":{"rendered":"\n<h4 class=\"wp-block-heading\">Natural de Barcelona, se inicia en el mundo de la fotograf\u00eda a la edad de 18 a\u00f1os, pero no ser\u00e1 hasta el a\u00f1o 2011 cuando se inicia en la fotograf\u00eda de moda.<\/h4>\n\n\n\n<h4 class=\"wp-block-heading\">Se define a s\u00ed mismo como un fot\u00f3grafo comunicativo, donde cada parte que interviene en un fotograf\u00eda sirven para difundir un concepto o idea.<\/h4>\n\n\n\n<h4 class=\"wp-block-heading\">Gracias a dicho concepto comunicativo, decide adquirir conocimientos sobre iluminaci\u00f3n, edici\u00f3n fotogr\u00e1fica, visagismo para maquillaje y peluquer\u00eda, estilismo junto al dise\u00f1ador de moda Jos\u00e9 Rivero.<\/h4>\n\n\n\n<h4 class=\"wp-block-heading\">Durante el periodo 2013 a 2021 ser\u00e1 uno de los fundadores  del blogzine \u00abEl Mol\u00ed de la Llum\u00bb, donde asumir\u00e1 la direcci\u00f3n creativa de los contenidos editoriales y fotogr\u00e1ficos.<\/h4>\n\n\n\n<hr class=\"wp-block-separator has-text-color has-background has-pale-pink-background-color has-pale-pink-color\"\/>\n\n\n\n<p class=\"has-medium-font-size\"><strong>Editoriales<\/strong>:<\/p>\n\n\n\n<blockquote class=\"wp-block-quote is-layout-flow wp-block-quote-is-layout-flow\"><p>2013-04 Inside Gallery N\u00ba6<\/p><cite>\u00abNeo Vargas Girl\u00bb<\/cite><\/blockquote>\n\n\n\n<figure class=\"wp-block-gallery columns-2 is-cropped wp-block-gallery-1 is-layout-flex wp-block-gallery-is-layout-flex\"><ul class=\"blocks-gallery-grid\"><li class=\"blocks-gallery-item\"><figure><img fetchpriority=\"high\" decoding=\"async\" width=\"864\" height=\"1200\" src=\"http:\/\/portfolio.lalquimista.com\/wp-content\/uploads\/2021\/11\/Portada-864x1200.jpg\" alt=\"\" data-id=\"280\" data-full-url=\"http:\/\/portfolio.lalquimista.com\/wp-content\/uploads\/2021\/11\/Portada.jpg\" data-link=\"http:\/\/portfolio.lalquimista.com\/?attachment_id=280\" class=\"wp-image-280\" srcset=\"http:\/\/portfolio.lalquimista.com\/wp-content\/uploads\/2021\/11\/Portada-864x1200.jpg 864w, http:\/\/portfolio.lalquimista.com\/wp-content\/uploads\/2021\/11\/Portada-432x600.jpg 432w, http:\/\/portfolio.lalquimista.com\/wp-content\/uploads\/2021\/11\/Portada-768x1067.jpg 768w, http:\/\/portfolio.lalquimista.com\/wp-content\/uploads\/2021\/11\/Portada.jpg 1079w\" sizes=\"(max-width: 864px) 100vw, 864px\" \/><\/figure><\/li><li class=\"blocks-gallery-item\"><figure><img decoding=\"async\" width=\"864\" height=\"1200\" src=\"http:\/\/portfolio.lalquimista.com\/wp-content\/uploads\/2021\/11\/Pagina_01-864x1200.jpg\" alt=\"\" data-id=\"279\" data-full-url=\"http:\/\/portfolio.lalquimista.com\/wp-content\/uploads\/2021\/11\/Pagina_01.jpg\" data-link=\"http:\/\/portfolio.lalquimista.com\/?attachment_id=279\" class=\"wp-image-279\" srcset=\"http:\/\/portfolio.lalquimista.com\/wp-content\/uploads\/2021\/11\/Pagina_01-864x1200.jpg 864w, http:\/\/portfolio.lalquimista.com\/wp-content\/uploads\/2021\/11\/Pagina_01-432x600.jpg 432w, http:\/\/portfolio.lalquimista.com\/wp-content\/uploads\/2021\/11\/Pagina_01-768x1067.jpg 768w, http:\/\/portfolio.lalquimista.com\/wp-content\/uploads\/2021\/11\/Pagina_01.jpg 1079w\" sizes=\"(max-width: 864px) 100vw, 864px\" \/><\/figure><\/li><\/ul><\/figure>\n\n\n\n<hr class=\"wp-block-separator has-text-color has-background has-cyan-bluish-gray-background-color has-cyan-bluish-gray-color\"\/>\n\n\n\n<blockquote class=\"wp-block-quote is-layout-flow wp-block-quote-is-layout-flow\"><p>2017-07 StreetFashion Magazzine (Editor&#8217;s Choice 2017)<\/p><cite>\u00abLa Casa del Cava\u00bb<\/cite><\/blockquote>\n\n\n\n<figure class=\"wp-block-gallery columns-2 is-cropped wp-block-gallery-2 is-layout-flex wp-block-gallery-is-layout-flex\"><ul class=\"blocks-gallery-grid\"><li class=\"blocks-gallery-item\"><figure><img decoding=\"async\" width=\"1200\" height=\"658\" src=\"http:\/\/portfolio.lalquimista.com\/wp-content\/uploads\/2021\/11\/Portada_ZZ_01-1200x658.jpg\" alt=\"\" data-id=\"294\" data-full-url=\"http:\/\/portfolio.lalquimista.com\/wp-content\/uploads\/2021\/11\/Portada_ZZ_01.jpg\" data-link=\"http:\/\/portfolio.lalquimista.com\/?attachment_id=294\" class=\"wp-image-294\" srcset=\"http:\/\/portfolio.lalquimista.com\/wp-content\/uploads\/2021\/11\/Portada_ZZ_01-1200x658.jpg 1200w, http:\/\/portfolio.lalquimista.com\/wp-content\/uploads\/2021\/11\/Portada_ZZ_01-600x329.jpg 600w, http:\/\/portfolio.lalquimista.com\/wp-content\/uploads\/2021\/11\/Portada_ZZ_01-768x421.jpg 768w, http:\/\/portfolio.lalquimista.com\/wp-content\/uploads\/2021\/11\/Portada_ZZ_01-1536x842.jpg 1536w, http:\/\/portfolio.lalquimista.com\/wp-content\/uploads\/2021\/11\/Portada_ZZ_01.jpg 1896w\" sizes=\"(max-width: 1200px) 100vw, 1200px\" \/><\/figure><\/li><li class=\"blocks-gallery-item\"><figure><img loading=\"lazy\" decoding=\"async\" width=\"1200\" height=\"655\" src=\"http:\/\/portfolio.lalquimista.com\/wp-content\/uploads\/2021\/11\/Pagina_02_ZZ_01-1200x655.jpg\" alt=\"\" data-id=\"293\" data-full-url=\"http:\/\/portfolio.lalquimista.com\/wp-content\/uploads\/2021\/11\/Pagina_02_ZZ_01.jpg\" data-link=\"http:\/\/portfolio.lalquimista.com\/?attachment_id=293\" class=\"wp-image-293\" srcset=\"http:\/\/portfolio.lalquimista.com\/wp-content\/uploads\/2021\/11\/Pagina_02_ZZ_01-1200x655.jpg 1200w, http:\/\/portfolio.lalquimista.com\/wp-content\/uploads\/2021\/11\/Pagina_02_ZZ_01-600x328.jpg 600w, http:\/\/portfolio.lalquimista.com\/wp-content\/uploads\/2021\/11\/Pagina_02_ZZ_01-768x419.jpg 768w, http:\/\/portfolio.lalquimista.com\/wp-content\/uploads\/2021\/11\/Pagina_02_ZZ_01-1536x838.jpg 1536w, http:\/\/portfolio.lalquimista.com\/wp-content\/uploads\/2021\/11\/Pagina_02_ZZ_01.jpg 1898w\" sizes=\"(max-width: 1200px) 100vw, 1200px\" \/><\/figure><\/li><\/ul><\/figure>\n\n\n\n<hr class=\"wp-block-separator has-text-color has-background has-cyan-bluish-gray-background-color has-cyan-bluish-gray-color\"\/>\n\n\n\n<blockquote class=\"wp-block-quote is-layout-flow wp-block-quote-is-layout-flow\"><p>2020-02 StreetFashion Magazzine (Editor&#8217;s Choice 2020)<\/p><cite>\u00ab70s Pink\u00bb<\/cite><\/blockquote>\n\n\n\n<figure class=\"wp-block-gallery columns-2 is-cropped wp-block-gallery-3 is-layout-flex wp-block-gallery-is-layout-flex\"><ul class=\"blocks-gallery-grid\"><li class=\"blocks-gallery-item\"><figure><img loading=\"lazy\" decoding=\"async\" width=\"1200\" height=\"664\" src=\"http:\/\/portfolio.lalquimista.com\/wp-content\/uploads\/2021\/11\/pagina_02_ZZ_02-1-1200x664.jpg\" alt=\"\" data-id=\"290\" data-full-url=\"http:\/\/portfolio.lalquimista.com\/wp-content\/uploads\/2021\/11\/pagina_02_ZZ_02-1.jpg\" data-link=\"http:\/\/portfolio.lalquimista.com\/?attachment_id=290\" class=\"wp-image-290\" srcset=\"http:\/\/portfolio.lalquimista.com\/wp-content\/uploads\/2021\/11\/pagina_02_ZZ_02-1-1200x664.jpg 1200w, http:\/\/portfolio.lalquimista.com\/wp-content\/uploads\/2021\/11\/pagina_02_ZZ_02-1-600x332.jpg 600w, http:\/\/portfolio.lalquimista.com\/wp-content\/uploads\/2021\/11\/pagina_02_ZZ_02-1-768x425.jpg 768w, http:\/\/portfolio.lalquimista.com\/wp-content\/uploads\/2021\/11\/pagina_02_ZZ_02-1-1536x851.jpg 1536w, http:\/\/portfolio.lalquimista.com\/wp-content\/uploads\/2021\/11\/pagina_02_ZZ_02-1.jpg 1898w\" sizes=\"(max-width: 1200px) 100vw, 1200px\" \/><\/figure><\/li><li class=\"blocks-gallery-item\"><figure><img loading=\"lazy\" decoding=\"async\" width=\"1200\" height=\"664\" src=\"http:\/\/portfolio.lalquimista.com\/wp-content\/uploads\/2021\/11\/pagina_01_ZZ_02-1-1200x664.jpg\" alt=\"\" data-id=\"289\" data-full-url=\"http:\/\/portfolio.lalquimista.com\/wp-content\/uploads\/2021\/11\/pagina_01_ZZ_02-1.jpg\" data-link=\"http:\/\/portfolio.lalquimista.com\/?attachment_id=289\" class=\"wp-image-289\" srcset=\"http:\/\/portfolio.lalquimista.com\/wp-content\/uploads\/2021\/11\/pagina_01_ZZ_02-1-1200x664.jpg 1200w, http:\/\/portfolio.lalquimista.com\/wp-content\/uploads\/2021\/11\/pagina_01_ZZ_02-1-600x332.jpg 600w, http:\/\/portfolio.lalquimista.com\/wp-content\/uploads\/2021\/11\/pagina_01_ZZ_02-1-768x425.jpg 768w, http:\/\/portfolio.lalquimista.com\/wp-content\/uploads\/2021\/11\/pagina_01_ZZ_02-1-1536x850.jpg 1536w, http:\/\/portfolio.lalquimista.com\/wp-content\/uploads\/2021\/11\/pagina_01_ZZ_02-1.jpg 1893w\" sizes=\"(max-width: 1200px) 100vw, 1200px\" \/><\/figure><\/li><li class=\"blocks-gallery-item\"><figure><img decoding=\"async\" src=\"http:\/\/portfolio.lalquimista.com\/wp-content\/uploads\/2021\/11\/Portada_ZZ_02-1200x669.jpg\" alt=\"\" data-id=\"287\" data-full-url=\"http:\/\/portfolio.lalquimista.com\/wp-content\/uploads\/2021\/11\/Portada_ZZ_02.jpg\" data-link=\"http:\/\/portfolio.lalquimista.com\/?attachment_id=287\" class=\"wp-image-287\"\/><\/figure><\/li><\/ul><\/figure>\n\n\n\n<hr class=\"wp-block-separator has-text-color has-background has-cyan-bluish-gray-background-color has-cyan-bluish-gray-color\"\/>\n\n\n\n<blockquote class=\"wp-block-quote is-layout-flow wp-block-quote-is-layout-flow\"><p>2021-09 Magazine SinArte N\u00ba3<\/p><cite>\u00abLuz in the garden\u00bb<\/cite><\/blockquote>\n\n\n\n<figure class=\"wp-block-gallery columns-2 wp-block-gallery-4 is-layout-flex wp-block-gallery-is-layout-flex\"><ul class=\"blocks-gallery-grid\"><li class=\"blocks-gallery-item\"><figure><img loading=\"lazy\" decoding=\"async\" width=\"720\" height=\"943\" src=\"http:\/\/portfolio.lalquimista.com\/wp-content\/uploads\/2021\/11\/Portada_sinArte_3.jpg\" alt=\"\" data-id=\"275\" data-full-url=\"http:\/\/portfolio.lalquimista.com\/wp-content\/uploads\/2021\/11\/Portada_sinArte_3.jpg\" data-link=\"http:\/\/portfolio.lalquimista.com\/?attachment_id=275\" class=\"wp-image-275\" srcset=\"http:\/\/portfolio.lalquimista.com\/wp-content\/uploads\/2021\/11\/Portada_sinArte_3.jpg 720w, http:\/\/portfolio.lalquimista.com\/wp-content\/uploads\/2021\/11\/Portada_sinArte_3-458x600.jpg 458w\" sizes=\"(max-width: 720px) 100vw, 720px\" \/><\/figure><\/li><li class=\"blocks-gallery-item\"><figure><img loading=\"lazy\" decoding=\"async\" width=\"1200\" height=\"775\" src=\"http:\/\/portfolio.lalquimista.com\/wp-content\/uploads\/2021\/11\/Publicacion_N_3-1200x775.jpg\" alt=\"\" data-id=\"274\" data-full-url=\"http:\/\/portfolio.lalquimista.com\/wp-content\/uploads\/2021\/11\/Publicacion_N_3.jpg\" data-link=\"http:\/\/portfolio.lalquimista.com\/?attachment_id=274\" class=\"wp-image-274\" srcset=\"http:\/\/portfolio.lalquimista.com\/wp-content\/uploads\/2021\/11\/Publicacion_N_3-1200x775.jpg 1200w, http:\/\/portfolio.lalquimista.com\/wp-content\/uploads\/2021\/11\/Publicacion_N_3-600x387.jpg 600w, http:\/\/portfolio.lalquimista.com\/wp-content\/uploads\/2021\/11\/Publicacion_N_3-768x496.jpg 768w, http:\/\/portfolio.lalquimista.com\/wp-content\/uploads\/2021\/11\/Publicacion_N_3.jpg 1450w\" sizes=\"(max-width: 1200px) 100vw, 1200px\" \/><\/figure><\/li><\/ul><\/figure>\n\n\n\n<hr class=\"wp-block-separator has-text-color has-background has-pale-pink-background-color has-pale-pink-color\"\/>\n\n\n\n<p class=\"has-medium-font-size\"><strong>Entrevistas<\/strong>:<\/p>\n\n\n\n<blockquote class=\"wp-block-quote is-layout-flow wp-block-quote-is-layout-flow\"><p>2016-08 StreetFashion Magazzine (Photographer Feature)<\/p><cite>\u00abPhotographers 2016\u00bb<\/cite><\/blockquote>\n\n\n\n<figure class=\"wp-block-gallery columns-3 is-cropped wp-block-gallery-5 is-layout-flex wp-block-gallery-is-layout-flex\"><ul class=\"blocks-gallery-grid\"><li class=\"blocks-gallery-item\"><figure><img loading=\"lazy\" decoding=\"async\" width=\"1200\" height=\"661\" src=\"http:\/\/portfolio.lalquimista.com\/wp-content\/uploads\/2021\/11\/E_ZZ_pagina_01-1200x661.jpg\" alt=\"\" data-id=\"302\" data-full-url=\"http:\/\/portfolio.lalquimista.com\/wp-content\/uploads\/2021\/11\/E_ZZ_pagina_01.jpg\" data-link=\"http:\/\/portfolio.lalquimista.com\/?attachment_id=302\" class=\"wp-image-302\" srcset=\"http:\/\/portfolio.lalquimista.com\/wp-content\/uploads\/2021\/11\/E_ZZ_pagina_01-1200x661.jpg 1200w, http:\/\/portfolio.lalquimista.com\/wp-content\/uploads\/2021\/11\/E_ZZ_pagina_01-600x330.jpg 600w, http:\/\/portfolio.lalquimista.com\/wp-content\/uploads\/2021\/11\/E_ZZ_pagina_01-768x423.jpg 768w, http:\/\/portfolio.lalquimista.com\/wp-content\/uploads\/2021\/11\/E_ZZ_pagina_01-1536x846.jpg 1536w, http:\/\/portfolio.lalquimista.com\/wp-content\/uploads\/2021\/11\/E_ZZ_pagina_01.jpg 1901w\" sizes=\"(max-width: 1200px) 100vw, 1200px\" \/><\/figure><\/li><li class=\"blocks-gallery-item\"><figure><img loading=\"lazy\" decoding=\"async\" width=\"1200\" height=\"664\" src=\"http:\/\/portfolio.lalquimista.com\/wp-content\/uploads\/2021\/11\/E_ZZ_pagina_02-1200x664.jpg\" alt=\"\" data-id=\"303\" data-full-url=\"http:\/\/portfolio.lalquimista.com\/wp-content\/uploads\/2021\/11\/E_ZZ_pagina_02.jpg\" data-link=\"http:\/\/portfolio.lalquimista.com\/?attachment_id=303\" class=\"wp-image-303\" srcset=\"http:\/\/portfolio.lalquimista.com\/wp-content\/uploads\/2021\/11\/E_ZZ_pagina_02-1200x664.jpg 1200w, http:\/\/portfolio.lalquimista.com\/wp-content\/uploads\/2021\/11\/E_ZZ_pagina_02-600x332.jpg 600w, http:\/\/portfolio.lalquimista.com\/wp-content\/uploads\/2021\/11\/E_ZZ_pagina_02-768x425.jpg 768w, http:\/\/portfolio.lalquimista.com\/wp-content\/uploads\/2021\/11\/E_ZZ_pagina_02-1536x850.jpg 1536w, http:\/\/portfolio.lalquimista.com\/wp-content\/uploads\/2021\/11\/E_ZZ_pagina_02.jpg 1906w\" sizes=\"(max-width: 1200px) 100vw, 1200px\" \/><\/figure><\/li><li class=\"blocks-gallery-item\"><figure><img loading=\"lazy\" decoding=\"async\" width=\"1200\" height=\"664\" src=\"http:\/\/portfolio.lalquimista.com\/wp-content\/uploads\/2021\/11\/E_ZZ_pagina_03-1200x664.jpg\" alt=\"\" data-id=\"301\" data-full-url=\"http:\/\/portfolio.lalquimista.com\/wp-content\/uploads\/2021\/11\/E_ZZ_pagina_03.jpg\" data-link=\"http:\/\/portfolio.lalquimista.com\/?attachment_id=301\" class=\"wp-image-301\" srcset=\"http:\/\/portfolio.lalquimista.com\/wp-content\/uploads\/2021\/11\/E_ZZ_pagina_03-1200x664.jpg 1200w, http:\/\/portfolio.lalquimista.com\/wp-content\/uploads\/2021\/11\/E_ZZ_pagina_03-600x332.jpg 600w, http:\/\/portfolio.lalquimista.com\/wp-content\/uploads\/2021\/11\/E_ZZ_pagina_03-768x425.jpg 768w, http:\/\/portfolio.lalquimista.com\/wp-content\/uploads\/2021\/11\/E_ZZ_pagina_03-1536x849.jpg 1536w, http:\/\/portfolio.lalquimista.com\/wp-content\/uploads\/2021\/11\/E_ZZ_pagina_03.jpg 1899w\" sizes=\"(max-width: 1200px) 100vw, 1200px\" \/><\/figure><\/li><\/ul><\/figure>\n\n\n\n<hr class=\"wp-block-separator has-text-color has-background has-pale-pink-background-color has-pale-pink-color\"\/>\n\n\n\n<p class=\"has-medium-font-size\"><strong>Eventos<\/strong>:<\/p>\n\n\n\n<blockquote class=\"wp-block-quote is-layout-flow wp-block-quote-is-layout-flow\"><p>2014-09 Spain Art Open House Salamanaca 2014<\/p><cite>Direcci\u00f3n creativa Shoots abiertos y desfile VIP \u00abHistoria de la lencer\u00eda\u00bb<\/cite><\/blockquote>\n\n\n\n<figure class=\"wp-block-embed is-type-video is-provider-youtube wp-block-embed-youtube wp-embed-aspect-16-9 wp-has-aspect-ratio\"><div class=\"wp-block-embed__wrapper\">\n<iframe title=\"I Spain Art Open House Salamanca 2014\" width=\"640\" height=\"360\" src=\"https:\/\/www.youtube.com\/embed\/qHDlOO3_CNk?feature=oembed\" frameborder=\"0\" allow=\"accelerometer; autoplay; clipboard-write; encrypted-media; gyroscope; picture-in-picture; web-share\" referrerpolicy=\"strict-origin-when-cross-origin\" allowfullscreen><\/iframe>\n<\/div><\/figure>\n","protected":false},"excerpt":{"rendered":"<p>Natural de Barcelona, se inicia en el mundo de la fotograf\u00eda a la edad de 18 a\u00f1os, pero no ser\u00e1 hasta el a\u00f1o 2011 cuando se inicia en la fotograf\u00eda de moda. Se define a s\u00ed mismo como un fot\u00f3grafo comunicativo, donde cada parte que interviene en un fotograf\u00eda sirven para difundir un concepto o [&hellip;]<\/p>\n","protected":false},"author":1,"featured_media":0,"parent":0,"menu_order":0,"comment_status":"closed","ping_status":"closed","template":"","meta":{"footnotes":""},"class_list":["post-49","page","type-page","status-publish","hentry"],"yoast_head":"<!-- This site is optimized with the Yoast SEO plugin v27.4 - https:\/\/yoast.com\/product\/yoast-seo-wordpress\/ -->\n<title>Sobre Mi - Portfolio<\/title>\n<meta name=\"robots\" content=\"index, follow, max-snippet:-1, max-image-preview:large, max-video-preview:-1\" \/>\n<link rel=\"canonical\" href=\"http:\/\/portfolio.lalquimista.com\/?page_id=49\" \/>\n<meta property=\"og:locale\" content=\"es_ES\" \/>\n<meta property=\"og:type\" content=\"article\" \/>\n<meta property=\"og:title\" content=\"Sobre Mi - Portfolio\" \/>\n<meta property=\"og:description\" content=\"Natural de Barcelona, se inicia en el mundo de la fotograf\u00eda a la edad de 18 a\u00f1os, pero no ser\u00e1 hasta el a\u00f1o 2011 cuando se inicia en la fotograf\u00eda de moda. Se define a s\u00ed mismo como un fot\u00f3grafo comunicativo, donde cada parte que interviene en un fotograf\u00eda sirven para difundir un concepto o [&hellip;]\" \/>\n<meta property=\"og:url\" content=\"http:\/\/portfolio.lalquimista.com\/?page_id=49\" \/>\n<meta property=\"og:site_name\" content=\"Portfolio\" \/>\n<meta property=\"article:modified_time\" content=\"2021-11-10T19:31:43+00:00\" \/>\n<meta property=\"og:image\" content=\"http:\/\/portfolio.lalquimista.com\/wp-content\/uploads\/2021\/11\/Portada-864x1200.jpg\" \/>\n<meta name=\"twitter:card\" content=\"summary_large_image\" \/>\n<meta name=\"twitter:label1\" content=\"Tiempo de lectura\" \/>\n\t<meta name=\"twitter:data1\" content=\"1 minuto\" \/>\n<script type=\"application\/ld+json\" class=\"yoast-schema-graph\">{\"@context\":\"https:\\\/\\\/schema.org\",\"@graph\":[{\"@type\":\"WebPage\",\"@id\":\"http:\\\/\\\/portfolio.lalquimista.com\\\/?page_id=49\",\"url\":\"http:\\\/\\\/portfolio.lalquimista.com\\\/?page_id=49\",\"name\":\"Sobre Mi - Portfolio\",\"isPartOf\":{\"@id\":\"http:\\\/\\\/portfolio.lalquimista.com\\\/#website\"},\"primaryImageOfPage\":{\"@id\":\"http:\\\/\\\/portfolio.lalquimista.com\\\/?page_id=49#primaryimage\"},\"image\":{\"@id\":\"http:\\\/\\\/portfolio.lalquimista.com\\\/?page_id=49#primaryimage\"},\"thumbnailUrl\":\"http:\\\/\\\/portfolio.lalquimista.com\\\/wp-content\\\/uploads\\\/2021\\\/11\\\/Portada-864x1200.jpg\",\"datePublished\":\"2021-11-04T19:31:48+00:00\",\"dateModified\":\"2021-11-10T19:31:43+00:00\",\"breadcrumb\":{\"@id\":\"http:\\\/\\\/portfolio.lalquimista.com\\\/?page_id=49#breadcrumb\"},\"inLanguage\":\"es\",\"potentialAction\":[{\"@type\":\"ReadAction\",\"target\":[\"http:\\\/\\\/portfolio.lalquimista.com\\\/?page_id=49\"]}]},{\"@type\":\"ImageObject\",\"inLanguage\":\"es\",\"@id\":\"http:\\\/\\\/portfolio.lalquimista.com\\\/?page_id=49#primaryimage\",\"url\":\"http:\\\/\\\/portfolio.lalquimista.com\\\/wp-content\\\/uploads\\\/2021\\\/11\\\/Portada.jpg\",\"contentUrl\":\"http:\\\/\\\/portfolio.lalquimista.com\\\/wp-content\\\/uploads\\\/2021\\\/11\\\/Portada.jpg\",\"width\":1079,\"height\":1499},{\"@type\":\"BreadcrumbList\",\"@id\":\"http:\\\/\\\/portfolio.lalquimista.com\\\/?page_id=49#breadcrumb\",\"itemListElement\":[{\"@type\":\"ListItem\",\"position\":1,\"name\":\"Portada\",\"item\":\"http:\\\/\\\/portfolio.lalquimista.com\\\/\"},{\"@type\":\"ListItem\",\"position\":2,\"name\":\"Sobre Mi\"}]},{\"@type\":\"WebSite\",\"@id\":\"http:\\\/\\\/portfolio.lalquimista.com\\\/#website\",\"url\":\"http:\\\/\\\/portfolio.lalquimista.com\\\/\",\"name\":\"Portfolio\",\"description\":\"L&#039;Alquimista\",\"potentialAction\":[{\"@type\":\"SearchAction\",\"target\":{\"@type\":\"EntryPoint\",\"urlTemplate\":\"http:\\\/\\\/portfolio.lalquimista.com\\\/?s={search_term_string}\"},\"query-input\":{\"@type\":\"PropertyValueSpecification\",\"valueRequired\":true,\"valueName\":\"search_term_string\"}}],\"inLanguage\":\"es\"}]}<\/script>\n<!-- \/ Yoast SEO plugin. -->","yoast_head_json":{"title":"Sobre Mi - Portfolio","robots":{"index":"index","follow":"follow","max-snippet":"max-snippet:-1","max-image-preview":"max-image-preview:large","max-video-preview":"max-video-preview:-1"},"canonical":"http:\/\/portfolio.lalquimista.com\/?page_id=49","og_locale":"es_ES","og_type":"article","og_title":"Sobre Mi - Portfolio","og_description":"Natural de Barcelona, se inicia en el mundo de la fotograf\u00eda a la edad de 18 a\u00f1os, pero no ser\u00e1 hasta el a\u00f1o 2011 cuando se inicia en la fotograf\u00eda de moda. Se define a s\u00ed mismo como un fot\u00f3grafo comunicativo, donde cada parte que interviene en un fotograf\u00eda sirven para difundir un concepto o [&hellip;]","og_url":"http:\/\/portfolio.lalquimista.com\/?page_id=49","og_site_name":"Portfolio","article_modified_time":"2021-11-10T19:31:43+00:00","og_image":[{"url":"http:\/\/portfolio.lalquimista.com\/wp-content\/uploads\/2021\/11\/Portada-864x1200.jpg","type":"","width":"","height":""}],"twitter_card":"summary_large_image","twitter_misc":{"Tiempo de lectura":"1 minuto"},"schema":{"@context":"https:\/\/schema.org","@graph":[{"@type":"WebPage","@id":"http:\/\/portfolio.lalquimista.com\/?page_id=49","url":"http:\/\/portfolio.lalquimista.com\/?page_id=49","name":"Sobre Mi - Portfolio","isPartOf":{"@id":"http:\/\/portfolio.lalquimista.com\/#website"},"primaryImageOfPage":{"@id":"http:\/\/portfolio.lalquimista.com\/?page_id=49#primaryimage"},"image":{"@id":"http:\/\/portfolio.lalquimista.com\/?page_id=49#primaryimage"},"thumbnailUrl":"http:\/\/portfolio.lalquimista.com\/wp-content\/uploads\/2021\/11\/Portada-864x1200.jpg","datePublished":"2021-11-04T19:31:48+00:00","dateModified":"2021-11-10T19:31:43+00:00","breadcrumb":{"@id":"http:\/\/portfolio.lalquimista.com\/?page_id=49#breadcrumb"},"inLanguage":"es","potentialAction":[{"@type":"ReadAction","target":["http:\/\/portfolio.lalquimista.com\/?page_id=49"]}]},{"@type":"ImageObject","inLanguage":"es","@id":"http:\/\/portfolio.lalquimista.com\/?page_id=49#primaryimage","url":"http:\/\/portfolio.lalquimista.com\/wp-content\/uploads\/2021\/11\/Portada.jpg","contentUrl":"http:\/\/portfolio.lalquimista.com\/wp-content\/uploads\/2021\/11\/Portada.jpg","width":1079,"height":1499},{"@type":"BreadcrumbList","@id":"http:\/\/portfolio.lalquimista.com\/?page_id=49#breadcrumb","itemListElement":[{"@type":"ListItem","position":1,"name":"Portada","item":"http:\/\/portfolio.lalquimista.com\/"},{"@type":"ListItem","position":2,"name":"Sobre Mi"}]},{"@type":"WebSite","@id":"http:\/\/portfolio.lalquimista.com\/#website","url":"http:\/\/portfolio.lalquimista.com\/","name":"Portfolio","description":"L&#039;Alquimista","potentialAction":[{"@type":"SearchAction","target":{"@type":"EntryPoint","urlTemplate":"http:\/\/portfolio.lalquimista.com\/?s={search_term_string}"},"query-input":{"@type":"PropertyValueSpecification","valueRequired":true,"valueName":"search_term_string"}}],"inLanguage":"es"}]}},"_links":{"self":[{"href":"http:\/\/portfolio.lalquimista.com\/index.php?rest_route=\/wp\/v2\/pages\/49","targetHints":{"allow":["GET"]}}],"collection":[{"href":"http:\/\/portfolio.lalquimista.com\/index.php?rest_route=\/wp\/v2\/pages"}],"about":[{"href":"http:\/\/portfolio.lalquimista.com\/index.php?rest_route=\/wp\/v2\/types\/page"}],"author":[{"embeddable":true,"href":"http:\/\/portfolio.lalquimista.com\/index.php?rest_route=\/wp\/v2\/users\/1"}],"replies":[{"embeddable":true,"href":"http:\/\/portfolio.lalquimista.com\/index.php?rest_route=%2Fwp%2Fv2%2Fcomments&post=49"}],"version-history":[{"count":20,"href":"http:\/\/portfolio.lalquimista.com\/index.php?rest_route=\/wp\/v2\/pages\/49\/revisions"}],"predecessor-version":[{"id":709,"href":"http:\/\/portfolio.lalquimista.com\/index.php?rest_route=\/wp\/v2\/pages\/49\/revisions\/709"}],"wp:attachment":[{"href":"http:\/\/portfolio.lalquimista.com\/index.php?rest_route=%2Fwp%2Fv2%2Fmedia&parent=49"}],"curies":[{"name":"wp","href":"https:\/\/api.w.org\/{rel}","templated":true}]}}